{"id":732,"date":"2020-04-28T11:20:01","date_gmt":"2020-04-28T09:20:01","guid":{"rendered":"https:\/\/ciudadaniaenitaliaoficial.wordpress.com\/?page_id=732"},"modified":"2021-04-21T07:54:42","modified_gmt":"2021-04-21T07:54:42","slug":"disclaimer-aviso-legal","status":"publish","type":"page","link":"https:\/\/ciudadania-enitalia.com\/index.php\/disclaimer-aviso-legal\/","title":{"rendered":"Disclaimer \u2013 Aviso Legal"},"content":{"rendered":"\n<h2 class=\"has-text-align-center wp-block-heading\">Disclaimer \u2013 Aviso Legal<\/h2>\n\n\n\n<h5 class=\"wp-block-heading\" id=\"identificacin-y-titularidad\">Identificaci\u00f3n y Titularidad<\/h5>\n\n\n\n<p>En cumplimiento con la normativa de Servicios de la Sociedad de la Informaci\u00f3n y Comercio Electr\u00f3nico, el Titular expone sus datos identificativos como:<\/p>\n\n\n\n<ul class=\"wp-block-list\"><li><strong>Titular:<\/strong> Mat\u00edas Javier Toir\u00e1n<\/li><li><strong>Domicilio:<\/strong> M\u00e1laga, Espa\u00f1a.<\/li><li><strong>Correo electr\u00f3nico:<\/strong> <a href=\"mailto:info@ciudadania-enitalia.com\">info@ciudadania-enitalia.com<\/a><\/li><li><strong>Sitio Web:<\/strong> <a href=\"https:\/\/ciudadania-enitalia.com\">www.ciudadania-enitalia.com<\/a><\/li><\/ul>\n\n\n\n<h5 class=\"wp-block-heading\" id=\"finalidad\">Finalidad<\/h5>\n\n\n\n<p>La finalidad del sitio Web es recolectar y brindar informaci\u00f3n de car\u00e1cter p\u00fablico, enfocada en la realizaci\u00f3n de procedimientos administrativos.<\/p>\n\n\n\n<h5 class=\"wp-block-heading\" id=\"condiciones-de-uso\">Condiciones de Uso<\/h5>\n\n\n\n<p>La utilizaci\u00f3n del sitio Web le otorga la condici\u00f3n de Usuario a toda persona f\u00edsica que ingrese al mismo desde cualquier dispositivo, e implica la aceptaci\u00f3n completa de todas las cl\u00e1usulas y condiciones de uso incluidas en las p\u00e1ginas:<\/p>\n\n\n\n<ul class=\"wp-block-list\"><li><a href=\"https:\/\/ciudadania-enitalia.com\/index.php\/disclaimer-aviso-legal\/\" target=\"_blank\" rel=\"noreferrer noopener\">Aviso Legal<\/a><\/li><li><a href=\"https:\/\/ciudadania-enitalia.com\/index.php\/politica-de-cookies\/\" target=\"_blank\" rel=\"noreferrer noopener\">Pol\u00edtica de Cookies<\/a><\/li><li><a href=\"https:\/\/ciudadania-enitalia.com\/index.php\/politica-de-privacidad\/\" target=\"_blank\" rel=\"noreferrer noopener\">Pol\u00edtica de Privacidad y Datos Personales<\/a><\/li><\/ul>\n\n\n\n<p>De no prestar conformidad con todas y cada una de estas cl\u00e1usulas y condiciones, se insta al Usuario a desistir de su uso.<\/p>\n\n\n\n<p>El acceso a este sitio Web no supone, bajo ning\u00fan concepto, el inicio de una relaci\u00f3n comercial del Usuario con el Titular.<\/p>\n\n\n\n<p>A trav\u00e9s de este sitio Web <a href=\"https:\/\/ciudadania-enitalia.com\">ciudadania-enitalia.com<\/a>, el Titular facilita al Usuario el acceso a informaci\u00f3n de car\u00e1cter p\u00fablico, que ha sido recopilada y ordenada por el Titular u otros colaboradores; ya sea por cualquier medio multimedia \u2013 por escrito, en audio o video \u2013 y puesta en funci\u00f3n de los intereses de otros Usuarios.<\/p>\n\n\n\n<p>A tal efecto, el Usuario est\u00e1 obligado y comprometido a NO utilizar cualquiera de los contenidos del sitio Web con fines o efectos il\u00edcitos, prohibidos en este Aviso Legal o por la legislaci\u00f3n vigente, lesivos de los derechos e intereses de terceros, o que de cualquier forma puedan da\u00f1ar, inutilizar, sobrecargar, deteriorar o impedir la normal utilizaci\u00f3n de los contenidos, los equipos inform\u00e1ticos o los documentos, archivos y toda clase de contenidos almacenados en cualquier equipo inform\u00e1tico propios o contratados por el Titular, de otros usuarios o de cualquier usuario de Internet.<\/p>\n\n\n\n<h5 class=\"wp-block-heading\" id=\"contenidos\">Contenidos<\/h5>\n\n\n\n<p>El Titular ha obtenido la informaci\u00f3n y cualquier contenido multimedia incluidos en el sitio Web <a href=\"https:\/\/ciudadania-enitalia.com\">ciudadania-enitalia.com<\/a>, de fuentes que considera fiables, pero, si bien ha tomado todas las medidas razonables para asegurar que la informaci\u00f3n contenida es correcta, el Titular no garantiza que sea exacta, completa o actualizada.<\/p>\n\n\n\n<p>Queda prohibido transmitir o enviar a trav\u00e9s del sitio Web cualquier contenido ilegal o il\u00edcito, virus inform\u00e1ticos, o mensajes que, en general, afecten o violen derechos de&nbsp;el Titular o de terceros.<\/p>\n\n\n\n<p>Los contenidos del sitio Web <a href=\"https:\/\/ciudadania-enitalia.com\">ciudadania-enitalia.com<\/a>, tienen como \u00fanica finalidad informativa y bajo ninguna circunstancia deben usarse o considerarse como oferta de venta, solicitud de compra ni incitaci\u00f3n a realizar cualquier otra operaci\u00f3n comercial.<\/p>\n\n\n\n<p>Los contenidos del sitio Web <a href=\"https:\/\/ciudadania-enitalia.com\">ciudadania-enitalia.com<\/a>, son expresamente de car\u00e1cter divulgativo; y no vinculan al Titular, ni constituyen opiniones, consejos o asesoramiento legal de ning\u00fan tipo.<\/p>\n\n\n\n<p>El Titular se reserva el derecho a modificar, suspender, cancelar o restringir el contenido del sitio Web <a href=\"https:\/\/ciudadania-enitalia.com\">ciudadania-enitalia.com<\/a>, los v\u00ednculos o la informaci\u00f3n obtenida a trav\u00e9s del mismo, sin necesidad de previo aviso.<\/p>\n\n\n\n<p>El Titular no es responsable de los da\u00f1os y perjuicios que pudieran derivarse de la utilizaci\u00f3n de la informaci\u00f3n del sitio Web <a href=\"https:\/\/ciudadania-enitalia.com\">ciudadania-enitalia.com<\/a>, o la contenida en sus redes sociales.<\/p>\n\n\n\n<h5 class=\"wp-block-heading\" id=\"limitacin-de-responsabilidad\">Limitaci\u00f3n de responsabilidad<\/h5>\n\n\n\n<p>La informaci\u00f3n y servicios incluidos o disponibles a trav\u00e9s de este sitio Web <a href=\"https:\/\/ciudadania-enitalia.com\">ciudadania-enitalia.com<\/a>, pueden incluir incorrecciones o errores tipogr\u00e1ficos. De forma peri\u00f3dica el Titular incorpora mejoras y\/o cambios a la informaci\u00f3n contenida y\/o los Servicios que puede introducir en cualquier momento.<\/p>\n\n\n\n<p>El Titular declina expresamente cualquier responsabilidad por error, omisi\u00f3n, falta de veracidad, integridad, actualizaci\u00f3n y precisi\u00f3n de los datos o informaci\u00f3n contenida en cualquiera de las p\u00e1ginas de este sitio Web <a href=\"https:\/\/ciudadania-enitalia.com\">ciudadania-enitalia.com<\/a><\/p>\n\n\n\n<p>El Titular declina expresamente cualquier responsabilidad derivada del uso incorrecto, inapropiado o il\u00edcito de la informaci\u00f3n contenida en cualquiera de las p\u00e1ginas de este sitio Web <a href=\"https:\/\/ciudadania-enitalia.com\">ciudadania-enitalia.com<\/a>.<\/p>\n\n\n\n<p>El Titular declina expresamente cualquier responsabilidad derivada del uso incorrecto, inapropiado o il\u00edcito de la informaci\u00f3n y contenidos digitales que pudieran publicarse o compartirse por medio de cualquiera de las redes sociales asociadas.<\/p>\n\n\n\n<p>El Titular no declara ni garantiza que los servicios o contenidos sean interrumpidos o que est\u00e9n libres de errores, que los defectos sean corregidos, o que el servicio o el servidor que lo pone a disposici\u00f3n est\u00e9n libres de virus u otros componentes nocivos sin perjuicio de que el Titular realiza todos los esfuerzos en evitar este tipo de incidentes.<\/p>\n\n\n\n<p>El Titular declina cualquier responsabilidad en caso de que existan interrupciones o un mal funcionamiento de contenidos ofrecidos en Internet, cualquiera que sea su causa. As\u00ed mismo, el Titular no se hace responsable por ca\u00eddas de la red, p\u00e9rdidas de negocio a consecuencia de dichas ca\u00eddas, suspensiones temporales de fluido el\u00e9ctrico o cualquier otro tipo de da\u00f1o indirecto que te pueda ser causado por causas ajenas al Titular.<\/p>\n\n\n\n<p>Antes de tomar decisiones y\/o acciones con base a la informaci\u00f3n incluida en el sitio Web <a href=\"https:\/\/ciudadania-enitalia.com\">ciudadania-enitalia.com<\/a>, el Titular le recomienda comprobar y contrastar la informaci\u00f3n recibida con fuentes oficiales.<\/p>\n\n\n\n<h5 class=\"wp-block-heading\" id=\"comentarios-smallopcionalsmall\">Comentarios<\/h5>\n\n\n\n<p>El Titular se reserva el derecho de retirar todos aquellos comentarios que vulneren la legislaci\u00f3n vigente, lesivos de los derechos o intereses de terceros, o que, a su juicio, no resulten adecuados para su publicaci\u00f3n.<\/p>\n\n\n\n<p>El Titular no ser\u00e1 responsable de las opiniones vertidas por los usuarios a trav\u00e9s del sistema de comentarios, redes sociales u otras herramientas de participaci\u00f3n, conforme a lo previsto en la normativa de aplicaci\u00f3n.<\/p>\n\n\n\n<h5 class=\"wp-block-heading\" id=\"medidas-de-seguridad\">Medidas de seguridad<\/h5>\n\n\n\n<p>Los datos personales que se facilite al Titular, podr\u00e1n ser almacenados en bases de datos automatizadas o no, cuya titularidad corresponde en exclusiva a el Titular, que asume todas las medidas de \u00edndole t\u00e9cnica, organizativa y de seguridad que garantizan la confidencialidad, integridad y calidad de la informaci\u00f3n contenida en las mismas de acuerdo con lo establecido en la normativa vigente en protecci\u00f3n de datos.<\/p>\n\n\n\n<p>No obstante, debe ser consciente de que las medidas de seguridad de los sistemas inform\u00e1ticos en Internet no son enteramente fiables y que, por tanto el Titular no puede garantizar la inexistencia de virus u otros elementos que puedan producir alteraciones en los sistemas inform\u00e1ticos (software y hardware) del Usuario o en sus documentos electr\u00f3nicos y ficheros contenidos en los mismos.<\/p>\n\n\n\n<h5 class=\"wp-block-heading\" id=\"poltica-de-cookies\">Pol\u00edtica de cookies<\/h5>\n\n\n\n<p>En la p\u00e1gina <a href=\"https:\/\/ciudadania-enitalia.com\/index.php\/politica-de-cookies\/\" target=\"_blank\" rel=\"noreferrer noopener\">Pol\u00edtica de Cookies<\/a> puede consultar toda la informaci\u00f3n relativa a la pol\u00edtica de recogida y tratamiento de las cookies.<\/p>\n\n\n\n<p>El Titular podr\u00eda tener acceso limitado de forma indirecta, a la informaci\u00f3n recogida por uso de cookies, como tratarse de datos estad\u00edsticos, por ejemplo: la localizaci\u00f3n regional del buscador de acceso.<\/p>\n\n\n\n<p>La informaci\u00f3n obtenida en estas circunstancias, es totalmente an\u00f3nima, y en ning\u00fan caso puede ser asociada a un Usuario concreto e identificado; y tiene como \u00fanico uso mejorar el contenido ofrecido en el sitio Web.<\/p>\n\n\n\n<h5 class=\"wp-block-heading\" id=\"datos-personales\">Privacidad y Datos personales<\/h5>\n\n\n\n<p>Usted puede consultar toda la informaci\u00f3n relativa al tratamiento de datos personales que recoge el Titular en la p\u00e1gina de <a href=\"https:\/\/ciudadania-enitalia.com\/index.php\/politica-de-privacidad\/\" target=\"_blank\" rel=\"noreferrer noopener\">Pol\u00edtica de Privacidad y Datos Personales<\/a>.<\/p>\n\n\n\n<h5 class=\"wp-block-heading\" id=\"enlaces-de-inters-a-otros-sitios-web\">Enlaces de inter\u00e9s a otros sitios Web<\/h5>\n\n\n\n<p>El Titular puede proporcionarle acceso a sitios Web de terceros mediante enlaces con la finalidad de informar sobre la existencia de otras fuentes de informaci\u00f3n en Internet en las que podr\u00e1 ampliar los datos ofrecidos.<\/p>\n\n\n\n<p>Estos enlaces a otros sitios Web no suponen en ning\u00fan caso una sugerencia o recomendaci\u00f3n para que usted visite las p\u00e1ginas web de destino, que est\u00e1n fuera del control del Titular, por lo que Titular no es responsable del contenido de los sitios web vinculados ni del resultado que obtenga al seguir los enlaces.<\/p>\n\n\n\n<p>As\u00ed mismo, el Titular no responde de los links o enlaces ubicados en los sitios web vinculados a los que le proporciona acceso.<\/p>\n\n\n\n<p>El establecimiento del enlace no implica en ning\u00fan caso la existencia de relaciones entre Titular y el propietario del sitio en el que se establezca el enlace, ni la aceptaci\u00f3n o aprobaci\u00f3n por parte del Titular de sus contenidos o servicios.<\/p>\n\n\n\n<p>Si accede a un sitio Web externo desde un enlace que encuentre en el Sitio Web usted deber\u00e1 leer la propia pol\u00edtica de privacidad del otro sitio web que puede ser diferente de la de este sitio Web.<\/p>\n\n\n\n<h5 class=\"wp-block-heading\" id=\"enlaces-de-afiliados-y-anuncios-patrocinados-smallopcionalsmall\">Enlaces de Afiliados y Anuncios<\/h5>\n\n\n\n<p>El sitio Web <a href=\"https:\/\/ciudadania-enitalia.com\">ciudadania-enitalia.com<\/a>, podr\u00eda ofrecer contenidos patrocinados, anuncios y\/o enlaces de afiliados.<\/p>\n\n\n\n<p>La informaci\u00f3n que aparece en estos enlaces de afiliados o los anuncios insertados, son facilitados por los propios anunciantes, por lo que Titular no se hace responsable de posibles inexactitudes o errores que pudieran contener los anuncios, ni garantiza en modo alguno la experiencia, integridad o responsabilidad de los anunciantes o la calidad de sus productos y\/o servicios.<\/p>\n\n\n\n<h5 class=\"wp-block-heading\" id=\"condiciones-de-venta-smallopcionalsmall\">Condiciones Generales de Contrataci\u00f3n<\/h5>\n\n\n\n<p>El sitio Web <a href=\"https:\/\/ciudadania-enitalia.com\">ciudadania-enitalia.com<\/a>, no vende ni comercializa ning\u00fan tipo de producto o servicio online.<\/p>\n\n\n\n<p>El sitio Web <a href=\"https:\/\/ciudadania-enitalia.com\">ciudadania-enitalia.com<\/a>, no incluye ning\u00fan tipo de sistema de pago online.<\/p>\n\n\n\n<p>En el caso de existir un enlace de anuncio con contenidos o productos de afiliados o patrocinadores, ser\u00e1 responsabilidad propia de dichos anunciantes establecer las condiciones de contrataci\u00f3n. Siendo este sitio Web <a href=\"https:\/\/ciudadania-enitalia.com\">ciudadania-enitalia.com<\/a> y el Titular totalmente ajenos a dichas pr\u00e1cticas comerciales.<\/p>\n\n\n\n<p>Cualquier tipo de producto y\/o servicio que podr\u00eda mencionarse en el sitio Web <a href=\"https:\/\/ciudadania-enitalia.com\">ciudadania-enitalia.com<\/a>, es solo de car\u00e1cter informativo; debiendo suscribirse cualquier tipo de contrato de compra, \u00fanicamente de forma personal ante el vendedor, con previo acuerdo y cumplimiento de todos los t\u00e9rminos y condiciones que dicha relaci\u00f3n comercial suscite.<\/p>\n\n\n\n<h5 class=\"wp-block-heading\" id=\"propiedad-intelectual-e-industrial\">Propiedad intelectual e industrial<\/h5>\n\n\n\n<p>Todos los derechos est\u00e1n reservados.<br>\u00a9 Mat\u00edas Toir\u00e1n<\/p>\n\n\n\n<p>Queda expresamente prohibida la reproducci\u00f3n total o parcial, almacenaje y\/o difusi\u00f3n de cualquier tipo de informaci\u00f3n o contenido, sea con fines p\u00fablicos o comerciales; que se encuentre en el sitio Web <a href=\"https:\/\/ciudadania-enitalia.com\">ciudadania-enitalia.com<\/a>, sin el consentimiento previo expreso y por escrito de Titular.<\/p>\n\n\n\n<h5 class=\"wp-block-heading\" id=\"jurisdiccin\">Jurisdicci\u00f3n<\/h5>\n\n\n\n<p>Este Aviso Legal se rige \u00edntegramente por la legislaci\u00f3n espa\u00f1ola.<\/p>\n\n\n\n<p>Siempre que no haya una norma que obligue a otra cosa, para cuantas cuestiones se susciten sobre la interpretaci\u00f3n, aplicaci\u00f3n y cumplimiento de este Aviso Legal, as\u00ed como de las reclamaciones que puedan derivarse de su uso, las partes acuerdan someterse a los Jueces y Tribunales de la provincia de M\u00e1laga, con renuncia expresa de cualquier otra jurisdicci\u00f3n que pudiera corresponderles.<\/p>\n\n\n\n<h5 class=\"wp-block-heading\" id=\"contacto\">Contacto<\/h5>\n\n\n\n<p>En caso de que usted tenga cualquier duda acerca de estas Condiciones legales o quiera realizar cualquier comentario sobre este sitio Web <a href=\"https:\/\/ciudadania-enitalia.com\">ciudadania-enitalia.com<\/a>, puede contactarnos a trav\u00e9s de cualquiera de los medios de <a href=\"https:\/\/ciudadania-enitalia.com\/index.php\/contact\/\" target=\"_blank\" rel=\"noreferrer noopener\">Contacto<\/a> o via email a: <a href=\"mailto:nfo@ciudadania-enitalia.com\">info@ciudadania-enitalia.com<\/a><\/p>\n","protected":false},"excerpt":{"rendered":"<p>Disclaimer \u2013 Aviso Legal Identificaci\u00f3n y Titularidad En cumplimiento con la normativa de Servicios de la Sociedad de la Informaci\u00f3n y Comercio Electr\u00f3nico, el Titular expone sus datos identificativos como: Titular: Mat\u00edas Javier Toir\u00e1n Domicilio: M\u00e1laga, Espa\u00f1a. Correo electr\u00f3nico: info@ciudadania-enitalia.com Sitio Web: www.ciudadania-enitalia.com Finalidad La finalidad del sitio Web es recolectar y brindar informaci\u00f3n de<a class=\"more-link\" href=\"https:\/\/ciudadania-enitalia.com\/index.php\/disclaimer-aviso-legal\/\">Continue reading <span class=\"screen-reader-text\">&#8220;Disclaimer \u2013 Aviso Legal&#8221;<\/span><\/a><\/p>\n","protected":false},"author":1,"featured_media":0,"parent":0,"menu_order":0,"comment_status":"closed","ping_status":"closed","template":"","meta":{"_uag_custom_page_level_css":"","footnotes":""},"class_list":["post-732","page","type-page","status-publish","hentry","entry"],"yoast_head":"<!-- This site is optimized with the Yoast SEO plugin v27.4 - https:\/\/yoast.com\/product\/yoast-seo-wordpress\/ -->\n<title>Disclaimer \u2013 Aviso Legal - Ciudadan\u00eda en Italia<\/title>\n<meta name=\"robots\" content=\"index, follow, max-snippet:-1, max-image-preview:large, max-video-preview:-1\" \/>\n<link rel=\"canonical\" href=\"https:\/\/ciudadania-enitalia.com\/index.php\/disclaimer-aviso-legal\/\" \/>\n<meta property=\"og:locale\" content=\"es_ES\" \/>\n<meta property=\"og:type\" content=\"article\" \/>\n<meta property=\"og:title\" content=\"Disclaimer \u2013 Aviso Legal - Ciudadan\u00eda en Italia\" \/>\n<meta property=\"og:description\" content=\"Disclaimer \u2013 Aviso Legal Identificaci\u00f3n y Titularidad En cumplimiento con la normativa de Servicios de la Sociedad de la Informaci\u00f3n y Comercio Electr\u00f3nico, el Titular expone sus datos identificativos como: Titular: Mat\u00edas Javier Toir\u00e1n Domicilio: M\u00e1laga, Espa\u00f1a. Correo electr\u00f3nico: info@ciudadania-enitalia.com Sitio Web: www.ciudadania-enitalia.com Finalidad La finalidad del sitio Web es recolectar y brindar informaci\u00f3n deContinue reading &quot;Disclaimer \u2013 Aviso Legal&quot;\" \/>\n<meta property=\"og:url\" content=\"https:\/\/ciudadania-enitalia.com\/index.php\/disclaimer-aviso-legal\/\" \/>\n<meta property=\"og:site_name\" content=\"Ciudadan\u00eda en Italia\" \/>\n<meta property=\"article:modified_time\" content=\"2021-04-21T07:54:42+00:00\" \/>\n<meta name=\"twitter:card\" content=\"summary_large_image\" \/>\n<meta name=\"twitter:label1\" content=\"Tiempo de lectura\" \/>\n\t<meta name=\"twitter:data1\" content=\"8 minutos\" \/>\n<script type=\"application\/ld+json\" class=\"yoast-schema-graph\">{\"@context\":\"https:\\\/\\\/schema.org\",\"@graph\":[{\"@type\":\"WebPage\",\"@id\":\"https:\\\/\\\/ciudadania-enitalia.com\\\/index.php\\\/disclaimer-aviso-legal\\\/\",\"url\":\"https:\\\/\\\/ciudadania-enitalia.com\\\/index.php\\\/disclaimer-aviso-legal\\\/\",\"name\":\"Disclaimer \u2013 Aviso Legal - Ciudadan\u00eda en Italia\",\"isPartOf\":{\"@id\":\"https:\\\/\\\/ciudadania-enitalia.com\\\/#website\"},\"datePublished\":\"2020-04-28T09:20:01+00:00\",\"dateModified\":\"2021-04-21T07:54:42+00:00\",\"breadcrumb\":{\"@id\":\"https:\\\/\\\/ciudadania-enitalia.com\\\/index.php\\\/disclaimer-aviso-legal\\\/#breadcrumb\"},\"inLanguage\":\"es-AR\",\"potentialAction\":[{\"@type\":\"ReadAction\",\"target\":[\"https:\\\/\\\/ciudadania-enitalia.com\\\/index.php\\\/disclaimer-aviso-legal\\\/\"]}]},{\"@type\":\"BreadcrumbList\",\"@id\":\"https:\\\/\\\/ciudadania-enitalia.com\\\/index.php\\\/disclaimer-aviso-legal\\\/#breadcrumb\",\"itemListElement\":[{\"@type\":\"ListItem\",\"position\":1,\"name\":\"Inicio\",\"item\":\"https:\\\/\\\/ciudadania-enitalia.com\\\/\"},{\"@type\":\"ListItem\",\"position\":2,\"name\":\"Disclaimer \u2013 Aviso Legal\"}]},{\"@type\":\"WebSite\",\"@id\":\"https:\\\/\\\/ciudadania-enitalia.com\\\/#website\",\"url\":\"https:\\\/\\\/ciudadania-enitalia.com\\\/\",\"name\":\"Ciudadan\u00eda en Italia\",\"description\":\"Asesoramiento y Gesti\u00f3n de la Ciudadan\u00eda Italiana\",\"potentialAction\":[{\"@type\":\"SearchAction\",\"target\":{\"@type\":\"EntryPoint\",\"urlTemplate\":\"https:\\\/\\\/ciudadania-enitalia.com\\\/?s={search_term_string}\"},\"query-input\":{\"@type\":\"PropertyValueSpecification\",\"valueRequired\":true,\"valueName\":\"search_term_string\"}}],\"inLanguage\":\"es-AR\"}]}<\/script>\n<!-- \/ Yoast SEO plugin. -->","yoast_head_json":{"title":"Disclaimer \u2013 Aviso Legal - Ciudadan\u00eda en Italia","robots":{"index":"index","follow":"follow","max-snippet":"max-snippet:-1","max-image-preview":"max-image-preview:large","max-video-preview":"max-video-preview:-1"},"canonical":"https:\/\/ciudadania-enitalia.com\/index.php\/disclaimer-aviso-legal\/","og_locale":"es_ES","og_type":"article","og_title":"Disclaimer \u2013 Aviso Legal - Ciudadan\u00eda en Italia","og_description":"Disclaimer \u2013 Aviso Legal Identificaci\u00f3n y Titularidad En cumplimiento con la normativa de Servicios de la Sociedad de la Informaci\u00f3n y Comercio Electr\u00f3nico, el Titular expone sus datos identificativos como: Titular: Mat\u00edas Javier Toir\u00e1n Domicilio: M\u00e1laga, Espa\u00f1a. Correo electr\u00f3nico: info@ciudadania-enitalia.com Sitio Web: www.ciudadania-enitalia.com Finalidad La finalidad del sitio Web es recolectar y brindar informaci\u00f3n deContinue reading \"Disclaimer \u2013 Aviso Legal\"","og_url":"https:\/\/ciudadania-enitalia.com\/index.php\/disclaimer-aviso-legal\/","og_site_name":"Ciudadan\u00eda en Italia","article_modified_time":"2021-04-21T07:54:42+00:00","twitter_card":"summary_large_image","twitter_misc":{"Tiempo de lectura":"8 minutos"},"schema":{"@context":"https:\/\/schema.org","@graph":[{"@type":"WebPage","@id":"https:\/\/ciudadania-enitalia.com\/index.php\/disclaimer-aviso-legal\/","url":"https:\/\/ciudadania-enitalia.com\/index.php\/disclaimer-aviso-legal\/","name":"Disclaimer \u2013 Aviso Legal - Ciudadan\u00eda en Italia","isPartOf":{"@id":"https:\/\/ciudadania-enitalia.com\/#website"},"datePublished":"2020-04-28T09:20:01+00:00","dateModified":"2021-04-21T07:54:42+00:00","breadcrumb":{"@id":"https:\/\/ciudadania-enitalia.com\/index.php\/disclaimer-aviso-legal\/#breadcrumb"},"inLanguage":"es-AR","potentialAction":[{"@type":"ReadAction","target":["https:\/\/ciudadania-enitalia.com\/index.php\/disclaimer-aviso-legal\/"]}]},{"@type":"BreadcrumbList","@id":"https:\/\/ciudadania-enitalia.com\/index.php\/disclaimer-aviso-legal\/#breadcrumb","itemListElement":[{"@type":"ListItem","position":1,"name":"Inicio","item":"https:\/\/ciudadania-enitalia.com\/"},{"@type":"ListItem","position":2,"name":"Disclaimer \u2013 Aviso Legal"}]},{"@type":"WebSite","@id":"https:\/\/ciudadania-enitalia.com\/#website","url":"https:\/\/ciudadania-enitalia.com\/","name":"Ciudadan\u00eda en Italia","description":"Asesoramiento y Gesti\u00f3n de la Ciudadan\u00eda Italiana","potentialAction":[{"@type":"SearchAction","target":{"@type":"EntryPoint","urlTemplate":"https:\/\/ciudadania-enitalia.com\/?s={search_term_string}"},"query-input":{"@type":"PropertyValueSpecification","valueRequired":true,"valueName":"search_term_string"}}],"inLanguage":"es-AR"}]}},"uagb_featured_image_src":{"full":false,"thumbnail":false,"medium":false,"medium_large":false,"large":false,"1536x1536":false,"2048x2048":false,"post-thumbnail":false},"uagb_author_info":{"display_name":"admin","author_link":"https:\/\/ciudadania-enitalia.com\/index.php\/author\/matmay1\/"},"uagb_comment_info":0,"uagb_excerpt":"Disclaimer \u2013 Aviso Legal Identificaci\u00f3n y Titularidad En cumplimiento con la normativa de Servicios de la Sociedad de la Informaci\u00f3n y Comercio Electr\u00f3nico, el Titular expone sus datos identificativos como: Titular: Mat\u00edas Javier Toir\u00e1n Domicilio: M\u00e1laga, Espa\u00f1a. Correo electr\u00f3nico: info@ciudadania-enitalia.com Sitio Web: www.ciudadania-enitalia.com Finalidad La finalidad del sitio Web es recolectar y brindar informaci\u00f3n deContinue&hellip;","jetpack_sharing_enabled":true,"_links":{"self":[{"href":"https:\/\/ciudadania-enitalia.com\/index.php\/wp-json\/wp\/v2\/pages\/732","targetHints":{"allow":["GET"]}}],"collection":[{"href":"https:\/\/ciudadania-enitalia.com\/index.php\/wp-json\/wp\/v2\/pages"}],"about":[{"href":"https:\/\/ciudadania-enitalia.com\/index.php\/wp-json\/wp\/v2\/types\/page"}],"author":[{"embeddable":true,"href":"https:\/\/ciudadania-enitalia.com\/index.php\/wp-json\/wp\/v2\/users\/1"}],"replies":[{"embeddable":true,"href":"https:\/\/ciudadania-enitalia.com\/index.php\/wp-json\/wp\/v2\/comments?post=732"}],"version-history":[{"count":6,"href":"https:\/\/ciudadania-enitalia.com\/index.php\/wp-json\/wp\/v2\/pages\/732\/revisions"}],"predecessor-version":[{"id":1417,"href":"https:\/\/ciudadania-enitalia.com\/index.php\/wp-json\/wp\/v2\/pages\/732\/revisions\/1417"}],"wp:attachment":[{"href":"https:\/\/ciudadania-enitalia.com\/index.php\/wp-json\/wp\/v2\/media?parent=732"}],"curies":[{"name":"wp","href":"https:\/\/api.w.org\/{rel}","templated":true}]}}